{"id":1029,"date":"2020-04-24T19:41:08","date_gmt":"2020-04-24T19:41:08","guid":{"rendered":"http:\/\/aon3d.test\/obtenir-un-devis\/"},"modified":"2024-05-22T19:10:19","modified_gmt":"2024-05-22T19:10:19","slug":"get-quote","status":"publish","type":"page","link":"https:\/\/www.aon3d.com\/fr\/get-quote\/","title":{"rendered":"Obtenir une soumission"},"content":{"rendered":"","protected":false},"excerpt":{"rendered":"","protected":false},"author":10,"featured_media":0,"parent":0,"menu_order":0,"comment_status":"closed","ping_status":"closed","template":"template-get-a-quote.php","meta":{"content-type":"","_vp_format_video_url":"","_vp_image_focal_point":[]},"acf":[],"yoast_head":"<!-- This site is optimized with the Yoast SEO Premium plugin v20.4 (Yoast SEO v20.4) - https:\/\/yoast.com\/wordpress\/plugins\/seo\/ -->\n<title>Obtenez une soumission pour l&#039;mprimante 3D industrielle Hylo\u2122 | AON3D<\/title>\n<meta name=\"description\" content=\"R\u00e9alisez vos impressions 3D haute-temp\u00e9rature grand format en utilisant des mat\u00e9riaux avanc\u00e9s tels que le PEEK, PEKK, ULTEM\u2122 et les composites en fibre de carbone.\" \/>\n<meta name=\"robots\" content=\"index, follow, max-snippet:-1, max-image-preview:large, max-video-preview:-1\" \/>\n<link rel=\"canonical\" href=\"https:\/\/www.aon3d.com\/fr\/get-quote\/\" \/>\n<meta property=\"og:locale\" content=\"fr_FR\" \/>\n<meta property=\"og:type\" content=\"article\" \/>\n<meta property=\"og:title\" content=\"Obtenir une soumission\" \/>\n<meta property=\"og:description\" content=\"R\u00e9alisez vos impressions 3D haute-temp\u00e9rature grand format en utilisant des mat\u00e9riaux avanc\u00e9s tels que le PEEK, PEKK, ULTEM\u2122 et les composites en fibre de carbone.\" \/>\n<meta property=\"og:url\" content=\"https:\/\/www.aon3d.com\/fr\/get-quote\/\" \/>\n<meta property=\"og:site_name\" content=\"AON3D\" \/>\n<meta property=\"article:modified_time\" content=\"2024-05-22T19:10:19+00:00\" \/>\n<meta property=\"og:image\" content=\"https:\/\/www.aon3d.com\/wp-content\/uploads\/2023\/10\/Hylo_Background.webp\" \/>\n<meta name=\"twitter:card\" content=\"summary_large_image\" \/>\n<script type=\"application\/ld+json\" class=\"yoast-schema-graph\">{\"@context\":\"https:\/\/schema.org\",\"@graph\":[{\"@type\":\"WebPage\",\"@id\":\"https:\/\/www.aon3d.com\/fr\/get-quote\/\",\"url\":\"https:\/\/www.aon3d.com\/fr\/get-quote\/\",\"name\":\"Obtenez une soumission pour l'mprimante 3D industrielle Hylo\u2122 | AON3D\",\"isPartOf\":{\"@id\":\"https:\/\/www.aon3d.com\/#website\"},\"datePublished\":\"2020-04-24T19:41:08+00:00\",\"dateModified\":\"2024-05-22T19:10:19+00:00\",\"description\":\"R\u00e9alisez vos impressions 3D haute-temp\u00e9rature grand format en utilisant des mat\u00e9riaux avanc\u00e9s tels que le PEEK, PEKK, ULTEM\u2122 et les composites en fibre de carbone.\",\"breadcrumb\":{\"@id\":\"https:\/\/www.aon3d.com\/fr\/get-quote\/#breadcrumb\"},\"inLanguage\":\"fr-FR\",\"potentialAction\":[{\"@type\":\"ReadAction\",\"target\":[\"https:\/\/www.aon3d.com\/fr\/get-quote\/\"]}]},{\"@type\":\"BreadcrumbList\",\"@id\":\"https:\/\/www.aon3d.com\/fr\/get-quote\/#breadcrumb\",\"itemListElement\":[{\"@type\":\"ListItem\",\"position\":1,\"name\":\"Home\",\"item\":\"https:\/\/www.aon3d.com\/fr\/\"},{\"@type\":\"ListItem\",\"position\":2,\"name\":\"Obtenir une soumission\"}]},{\"@type\":\"WebSite\",\"@id\":\"https:\/\/www.aon3d.com\/#website\",\"url\":\"https:\/\/www.aon3d.com\/\",\"name\":\"AON3D\",\"description\":\"Making Materials Matter\",\"potentialAction\":[{\"@type\":\"SearchAction\",\"target\":{\"@type\":\"EntryPoint\",\"urlTemplate\":\"https:\/\/www.aon3d.com\/?s={search_term_string}\"},\"query-input\":\"required name=search_term_string\"}],\"inLanguage\":\"fr-FR\"}]}<\/script>\n<!-- \/ Yoast SEO Premium plugin. -->","yoast_head_json":{"title":"Obtenez une soumission pour l'mprimante 3D industrielle Hylo\u2122 | AON3D","description":"R\u00e9alisez vos impressions 3D haute-temp\u00e9rature grand format en utilisant des mat\u00e9riaux avanc\u00e9s tels que le PEEK, PEKK, ULTEM\u2122 et les composites en fibre de carbone.","robots":{"index":"index","follow":"follow","max-snippet":"max-snippet:-1","max-image-preview":"max-image-preview:large","max-video-preview":"max-video-preview:-1"},"canonical":"https:\/\/www.aon3d.com\/fr\/get-quote\/","og_locale":"fr_FR","og_type":"article","og_title":"Obtenir une soumission","og_description":"R\u00e9alisez vos impressions 3D haute-temp\u00e9rature grand format en utilisant des mat\u00e9riaux avanc\u00e9s tels que le PEEK, PEKK, ULTEM\u2122 et les composites en fibre de carbone.","og_url":"https:\/\/www.aon3d.com\/fr\/get-quote\/","og_site_name":"AON3D","article_modified_time":"2024-05-22T19:10:19+00:00","og_image":[{"url":"https:\/\/www.aon3d.com\/wp-content\/uploads\/2023\/10\/Hylo_Background.webp"}],"twitter_card":"summary_large_image","schema":{"@context":"https:\/\/schema.org","@graph":[{"@type":"WebPage","@id":"https:\/\/www.aon3d.com\/fr\/get-quote\/","url":"https:\/\/www.aon3d.com\/fr\/get-quote\/","name":"Obtenez une soumission pour l'mprimante 3D industrielle Hylo\u2122 | AON3D","isPartOf":{"@id":"https:\/\/www.aon3d.com\/#website"},"datePublished":"2020-04-24T19:41:08+00:00","dateModified":"2024-05-22T19:10:19+00:00","description":"R\u00e9alisez vos impressions 3D haute-temp\u00e9rature grand format en utilisant des mat\u00e9riaux avanc\u00e9s tels que le PEEK, PEKK, ULTEM\u2122 et les composites en fibre de carbone.","breadcrumb":{"@id":"https:\/\/www.aon3d.com\/fr\/get-quote\/#breadcrumb"},"inLanguage":"fr-FR","potentialAction":[{"@type":"ReadAction","target":["https:\/\/www.aon3d.com\/fr\/get-quote\/"]}]},{"@type":"BreadcrumbList","@id":"https:\/\/www.aon3d.com\/fr\/get-quote\/#breadcrumb","itemListElement":[{"@type":"ListItem","position":1,"name":"Home","item":"https:\/\/www.aon3d.com\/fr\/"},{"@type":"ListItem","position":2,"name":"Obtenir une soumission"}]},{"@type":"WebSite","@id":"https:\/\/www.aon3d.com\/#website","url":"https:\/\/www.aon3d.com\/","name":"AON3D","description":"Making Materials Matter","potentialAction":[{"@type":"SearchAction","target":{"@type":"EntryPoint","urlTemplate":"https:\/\/www.aon3d.com\/?s={search_term_string}"},"query-input":"required name=search_term_string"}],"inLanguage":"fr-FR"}]}},"_links":{"self":[{"href":"https:\/\/www.aon3d.com\/fr\/wp-json\/wp\/v2\/pages\/1029"}],"collection":[{"href":"https:\/\/www.aon3d.com\/fr\/wp-json\/wp\/v2\/pages"}],"about":[{"href":"https:\/\/www.aon3d.com\/fr\/wp-json\/wp\/v2\/types\/page"}],"author":[{"embeddable":true,"href":"https:\/\/www.aon3d.com\/fr\/wp-json\/wp\/v2\/users\/10"}],"replies":[{"embeddable":true,"href":"https:\/\/www.aon3d.com\/fr\/wp-json\/wp\/v2\/comments?post=1029"}],"version-history":[{"count":0,"href":"https:\/\/www.aon3d.com\/fr\/wp-json\/wp\/v2\/pages\/1029\/revisions"}],"wp:attachment":[{"href":"https:\/\/www.aon3d.com\/fr\/wp-json\/wp\/v2\/media?parent=1029"}],"curies":[{"name":"wp","href":"https:\/\/api.w.org\/{rel}","templated":true}]}}