{"id":5182,"date":"2023-11-28T21:47:02","date_gmt":"2023-11-28T21:47:02","guid":{"rendered":"https:\/\/stageaon3d.wpengine.com\/aon-m2\/"},"modified":"2025-07-31T19:58:37","modified_gmt":"2025-07-31T19:58:37","slug":"aon-m2","status":"publish","type":"page","link":"https:\/\/www.aon3d.com\/fr\/3d-printers\/aon-m2\/","title":{"rendered":"AON M2+"},"content":{"rendered":"","protected":false},"excerpt":{"rendered":"","protected":false},"author":10,"featured_media":3435,"parent":5431,"menu_order":0,"comment_status":"closed","ping_status":"closed","template":"template-m2.php","meta":{"content-type":"","_vp_format_video_url":"","_vp_image_focal_point":[]},"acf":[],"yoast_head":"<!-- This site is optimized with the Yoast SEO Premium plugin v20.4 (Yoast SEO v20.4) - https:\/\/yoast.com\/wordpress\/plugins\/seo\/ -->\n<title>AON M2+ Imprimante 3D Industrielle Haute Temp\u00e9rature | AON3D<\/title>\n<meta name=\"description\" content=\"Une imprimante 3D industrielle haute temp\u00e9rature pour fabriquer des pi\u00e8ces solides et performantes dans les mat\u00e9riaux de votre choix, avec les propri\u00e9t\u00e9s de pi\u00e8ce dont vous avez besoin.\" \/>\n<meta name=\"robots\" content=\"index, follow, max-snippet:-1, max-image-preview:large, max-video-preview:-1\" \/>\n<link rel=\"canonical\" href=\"https:\/\/www.aon3d.com\/fr\/3d-printers\/aon-m2\/\" \/>\n<meta property=\"og:locale\" content=\"fr_FR\" \/>\n<meta property=\"og:type\" content=\"article\" \/>\n<meta property=\"og:title\" content=\"AON M2+ Imprimante 3D Industrielle Haute Temp\u00e9rature\" \/>\n<meta property=\"og:description\" content=\"De la conception de prototypes \u00e0 la fabrication de pi\u00e8ces de qualit\u00e9 spatiale, AON3D rend l&#039;impression 3D haute temp\u00e9rature accessible \u00e0 tous.\" \/>\n<meta property=\"og:url\" content=\"https:\/\/www.aon3d.com\/fr\/3d-printers\/aon-m2\/\" \/>\n<meta property=\"og:site_name\" content=\"AON3D\" \/>\n<meta property=\"article:modified_time\" content=\"2025-07-31T19:58:37+00:00\" \/>\n<meta property=\"og:image\" content=\"https:\/\/www.aon3d.com\/wp-content\/uploads\/2022\/05\/02_3-4_Eye-Level-Closeup_web-1.webp\" \/>\n<meta name=\"twitter:card\" content=\"summary_large_image\" \/>\n<meta name=\"twitter:title\" content=\"AON M2+\" \/>\n<meta name=\"twitter:image\" content=\"https:\/\/www.aon3d.com\/wp-content\/uploads\/2022\/03\/Financing_Background.png\" \/>\n<script type=\"application\/ld+json\" class=\"yoast-schema-graph\">{\"@context\":\"https:\/\/schema.org\",\"@graph\":[{\"@type\":\"WebPage\",\"@id\":\"https:\/\/www.aon3d.com\/fr\/3d-printers\/aon-m2\/\",\"url\":\"https:\/\/www.aon3d.com\/fr\/3d-printers\/aon-m2\/\",\"name\":\"AON M2+ Imprimante 3D Industrielle Haute Temp\u00e9rature | AON3D\",\"isPartOf\":{\"@id\":\"https:\/\/www.aon3d.com\/#website\"},\"datePublished\":\"2023-11-28T21:47:02+00:00\",\"dateModified\":\"2025-07-31T19:58:37+00:00\",\"description\":\"Une imprimante 3D industrielle haute temp\u00e9rature pour fabriquer des pi\u00e8ces solides et performantes dans les mat\u00e9riaux de votre choix, avec les propri\u00e9t\u00e9s de pi\u00e8ce dont vous avez besoin.\",\"breadcrumb\":{\"@id\":\"https:\/\/www.aon3d.com\/fr\/3d-printers\/aon-m2\/#breadcrumb\"},\"inLanguage\":\"fr-FR\",\"potentialAction\":[{\"@type\":\"ReadAction\",\"target\":[\"https:\/\/www.aon3d.com\/fr\/3d-printers\/aon-m2\/\"]}]},{\"@type\":\"BreadcrumbList\",\"@id\":\"https:\/\/www.aon3d.com\/fr\/3d-printers\/aon-m2\/#breadcrumb\",\"itemListElement\":[{\"@type\":\"ListItem\",\"position\":1,\"name\":\"Home\",\"item\":\"https:\/\/www.aon3d.com\/fr\/\"},{\"@type\":\"ListItem\",\"position\":2,\"name\":\"3D Printers\",\"item\":\"https:\/\/www.aon3d.com\/fr\/3d-printers\/\"},{\"@type\":\"ListItem\",\"position\":3,\"name\":\"AON M2+\"}]},{\"@type\":\"WebSite\",\"@id\":\"https:\/\/www.aon3d.com\/#website\",\"url\":\"https:\/\/www.aon3d.com\/\",\"name\":\"AON3D\",\"description\":\"Making Materials Matter\",\"potentialAction\":[{\"@type\":\"SearchAction\",\"target\":{\"@type\":\"EntryPoint\",\"urlTemplate\":\"https:\/\/www.aon3d.com\/?s={search_term_string}\"},\"query-input\":\"required name=search_term_string\"}],\"inLanguage\":\"fr-FR\"}]}<\/script>\n<!-- \/ Yoast SEO Premium plugin. -->","yoast_head_json":{"title":"AON M2+ Imprimante 3D Industrielle Haute Temp\u00e9rature | AON3D","description":"Une imprimante 3D industrielle haute temp\u00e9rature pour fabriquer des pi\u00e8ces solides et performantes dans les mat\u00e9riaux de votre choix, avec les propri\u00e9t\u00e9s de pi\u00e8ce dont vous avez besoin.","robots":{"index":"index","follow":"follow","max-snippet":"max-snippet:-1","max-image-preview":"max-image-preview:large","max-video-preview":"max-video-preview:-1"},"canonical":"https:\/\/www.aon3d.com\/fr\/3d-printers\/aon-m2\/","og_locale":"fr_FR","og_type":"article","og_title":"AON M2+ Imprimante 3D Industrielle Haute Temp\u00e9rature","og_description":"De la conception de prototypes \u00e0 la fabrication de pi\u00e8ces de qualit\u00e9 spatiale, AON3D rend l'impression 3D haute temp\u00e9rature accessible \u00e0 tous.","og_url":"https:\/\/www.aon3d.com\/fr\/3d-printers\/aon-m2\/","og_site_name":"AON3D","article_modified_time":"2025-07-31T19:58:37+00:00","og_image":[{"url":"https:\/\/www.aon3d.com\/wp-content\/uploads\/2022\/05\/02_3-4_Eye-Level-Closeup_web-1.webp"}],"twitter_card":"summary_large_image","twitter_title":"AON M2+","twitter_image":"https:\/\/www.aon3d.com\/wp-content\/uploads\/2022\/03\/Financing_Background.png","schema":{"@context":"https:\/\/schema.org","@graph":[{"@type":"WebPage","@id":"https:\/\/www.aon3d.com\/fr\/3d-printers\/aon-m2\/","url":"https:\/\/www.aon3d.com\/fr\/3d-printers\/aon-m2\/","name":"AON M2+ Imprimante 3D Industrielle Haute Temp\u00e9rature | AON3D","isPartOf":{"@id":"https:\/\/www.aon3d.com\/#website"},"datePublished":"2023-11-28T21:47:02+00:00","dateModified":"2025-07-31T19:58:37+00:00","description":"Une imprimante 3D industrielle haute temp\u00e9rature pour fabriquer des pi\u00e8ces solides et performantes dans les mat\u00e9riaux de votre choix, avec les propri\u00e9t\u00e9s de pi\u00e8ce dont vous avez besoin.","breadcrumb":{"@id":"https:\/\/www.aon3d.com\/fr\/3d-printers\/aon-m2\/#breadcrumb"},"inLanguage":"fr-FR","potentialAction":[{"@type":"ReadAction","target":["https:\/\/www.aon3d.com\/fr\/3d-printers\/aon-m2\/"]}]},{"@type":"BreadcrumbList","@id":"https:\/\/www.aon3d.com\/fr\/3d-printers\/aon-m2\/#breadcrumb","itemListElement":[{"@type":"ListItem","position":1,"name":"Home","item":"https:\/\/www.aon3d.com\/fr\/"},{"@type":"ListItem","position":2,"name":"3D Printers","item":"https:\/\/www.aon3d.com\/fr\/3d-printers\/"},{"@type":"ListItem","position":3,"name":"AON M2+"}]},{"@type":"WebSite","@id":"https:\/\/www.aon3d.com\/#website","url":"https:\/\/www.aon3d.com\/","name":"AON3D","description":"Making Materials Matter","potentialAction":[{"@type":"SearchAction","target":{"@type":"EntryPoint","urlTemplate":"https:\/\/www.aon3d.com\/?s={search_term_string}"},"query-input":"required name=search_term_string"}],"inLanguage":"fr-FR"}]}},"_links":{"self":[{"href":"https:\/\/www.aon3d.com\/fr\/wp-json\/wp\/v2\/pages\/5182"}],"collection":[{"href":"https:\/\/www.aon3d.com\/fr\/wp-json\/wp\/v2\/pages"}],"about":[{"href":"https:\/\/www.aon3d.com\/fr\/wp-json\/wp\/v2\/types\/page"}],"author":[{"embeddable":true,"href":"https:\/\/www.aon3d.com\/fr\/wp-json\/wp\/v2\/users\/10"}],"replies":[{"embeddable":true,"href":"https:\/\/www.aon3d.com\/fr\/wp-json\/wp\/v2\/comments?post=5182"}],"version-history":[{"count":0,"href":"https:\/\/www.aon3d.com\/fr\/wp-json\/wp\/v2\/pages\/5182\/revisions"}],"up":[{"embeddable":true,"href":"https:\/\/www.aon3d.com\/fr\/wp-json\/wp\/v2\/pages\/5431"}],"wp:featuredmedia":[{"embeddable":true,"href":"https:\/\/www.aon3d.com\/fr\/wp-json\/wp\/v2\/media\/3435"}],"wp:attachment":[{"href":"https:\/\/www.aon3d.com\/fr\/wp-json\/wp\/v2\/media?parent=5182"}],"curies":[{"name":"wp","href":"https:\/\/api.w.org\/{rel}","templated":true}]}}