{"id":6030,"date":"2024-12-18T15:30:46","date_gmt":"2024-12-18T15:30:46","guid":{"rendered":"https:\/\/stageaon3d.wpengine.com\/basis\/"},"modified":"2025-02-07T23:14:40","modified_gmt":"2025-02-07T23:14:40","slug":"basis","status":"publish","type":"page","link":"https:\/\/www.aon3d.com\/fr\/software\/basis\/","title":{"rendered":"Basis\u2122"},"content":{"rendered":"<p><br data-mce-bogus=\"1\"><\/p>\n","protected":false},"excerpt":{"rendered":"","protected":false},"author":10,"featured_media":0,"parent":5433,"menu_order":0,"comment_status":"closed","ping_status":"closed","template":"template-product-2024.php","meta":{"content-type":"","_vp_format_video_url":"","_vp_image_focal_point":[]},"acf":[],"yoast_head":"<!-- This site is optimized with the Yoast SEO Premium plugin v20.4 (Yoast SEO v20.4) - https:\/\/yoast.com\/wordpress\/plugins\/seo\/ -->\n<title>AON3D Basis\u2122 | Fabrication additive optimis\u00e9e par l&#039;IA<\/title>\n<meta name=\"description\" content=\"Un logiciel de fabrication additive offrant un flux de travail simple et optimis\u00e9. Passez du mod\u00e8le \u00e0 des pi\u00e8ces de qualit\u00e9 v\u00e9rifi\u00e9e avec des propri\u00e9t\u00e9s maximis\u00e9es en quelques clics seulement.\" \/>\n<meta name=\"robots\" content=\"index, follow, max-snippet:-1, max-image-preview:large, max-video-preview:-1\" \/>\n<link rel=\"canonical\" href=\"https:\/\/www.aon3d.com\/fr\/software\/basis\/\" \/>\n<meta property=\"og:locale\" content=\"fr_FR\" \/>\n<meta property=\"og:type\" content=\"article\" \/>\n<meta property=\"og:title\" content=\"AON3D Basis\u2122 \u2013 Fabrication additive optimis\u00e9e par l&#039;IA\" \/>\n<meta property=\"og:description\" content=\"Un logiciel de fabrication additive offrant un flux de travail simple et optimis\u00e9. Passez du mod\u00e8le \u00e0 des pi\u00e8ces de qualit\u00e9 v\u00e9rifi\u00e9e avec des propri\u00e9t\u00e9s maximis\u00e9es en quelques clics seulement.\" \/>\n<meta property=\"og:url\" content=\"https:\/\/www.aon3d.com\/fr\/software\/basis\/\" \/>\n<meta property=\"og:site_name\" content=\"AON3D\" \/>\n<meta property=\"article:modified_time\" content=\"2025-02-07T23:14:40+00:00\" \/>\n<meta property=\"og:image\" content=\"https:\/\/www.aon3d.com\/wp-content\/uploads\/2024\/12\/AON3D-Basis-OG-Image-v2-1024x536.png\" \/>\n<meta name=\"twitter:card\" content=\"summary_large_image\" \/>\n<meta name=\"twitter:title\" content=\"AON3D Basis\u2122 \u2013 Fabrication additive optimis\u00e9e par l&#039;IA\" \/>\n<meta name=\"twitter:description\" content=\"Un logiciel de fabrication additive offrant un flux de travail simple et optimis\u00e9. Passez du mod\u00e8le \u00e0 des pi\u00e8ces v\u00e9rifi\u00e9es de qualit\u00e9 avec des propri\u00e9t\u00e9s maximis\u00e9es en quelques clics seulement.\" \/>\n<script type=\"application\/ld+json\" class=\"yoast-schema-graph\">{\"@context\":\"https:\/\/schema.org\",\"@graph\":[{\"@type\":\"WebPage\",\"@id\":\"https:\/\/www.aon3d.com\/fr\/software\/basis\/\",\"url\":\"https:\/\/www.aon3d.com\/fr\/software\/basis\/\",\"name\":\"AON3D Basis\u2122 | Fabrication additive optimis\u00e9e par l'IA\",\"isPartOf\":{\"@id\":\"https:\/\/www.aon3d.com\/#website\"},\"datePublished\":\"2024-12-18T15:30:46+00:00\",\"dateModified\":\"2025-02-07T23:14:40+00:00\",\"description\":\"Un logiciel de fabrication additive offrant un flux de travail simple et optimis\u00e9. Passez du mod\u00e8le \u00e0 des pi\u00e8ces de qualit\u00e9 v\u00e9rifi\u00e9e avec des propri\u00e9t\u00e9s maximis\u00e9es en quelques clics seulement.\",\"breadcrumb\":{\"@id\":\"https:\/\/www.aon3d.com\/fr\/software\/basis\/#breadcrumb\"},\"inLanguage\":\"fr-FR\",\"potentialAction\":[{\"@type\":\"ReadAction\",\"target\":[\"https:\/\/www.aon3d.com\/fr\/software\/basis\/\"]}]},{\"@type\":\"BreadcrumbList\",\"@id\":\"https:\/\/www.aon3d.com\/fr\/software\/basis\/#breadcrumb\",\"itemListElement\":[{\"@type\":\"ListItem\",\"position\":1,\"name\":\"Home\",\"item\":\"https:\/\/www.aon3d.com\/fr\/\"},{\"@type\":\"ListItem\",\"position\":2,\"name\":\"Software\",\"item\":\"https:\/\/www.aon3d.com\/fr\/software\/\"},{\"@type\":\"ListItem\",\"position\":3,\"name\":\"Basis\u2122\"}]},{\"@type\":\"WebSite\",\"@id\":\"https:\/\/www.aon3d.com\/#website\",\"url\":\"https:\/\/www.aon3d.com\/\",\"name\":\"AON3D\",\"description\":\"Making Materials Matter\",\"potentialAction\":[{\"@type\":\"SearchAction\",\"target\":{\"@type\":\"EntryPoint\",\"urlTemplate\":\"https:\/\/www.aon3d.com\/?s={search_term_string}\"},\"query-input\":\"required name=search_term_string\"}],\"inLanguage\":\"fr-FR\"}]}<\/script>\n<!-- \/ Yoast SEO Premium plugin. -->","yoast_head_json":{"title":"AON3D Basis\u2122 | Fabrication additive optimis\u00e9e par l'IA","description":"Un logiciel de fabrication additive offrant un flux de travail simple et optimis\u00e9. Passez du mod\u00e8le \u00e0 des pi\u00e8ces de qualit\u00e9 v\u00e9rifi\u00e9e avec des propri\u00e9t\u00e9s maximis\u00e9es en quelques clics seulement.","robots":{"index":"index","follow":"follow","max-snippet":"max-snippet:-1","max-image-preview":"max-image-preview:large","max-video-preview":"max-video-preview:-1"},"canonical":"https:\/\/www.aon3d.com\/fr\/software\/basis\/","og_locale":"fr_FR","og_type":"article","og_title":"AON3D Basis\u2122 \u2013 Fabrication additive optimis\u00e9e par l'IA","og_description":"Un logiciel de fabrication additive offrant un flux de travail simple et optimis\u00e9. Passez du mod\u00e8le \u00e0 des pi\u00e8ces de qualit\u00e9 v\u00e9rifi\u00e9e avec des propri\u00e9t\u00e9s maximis\u00e9es en quelques clics seulement.","og_url":"https:\/\/www.aon3d.com\/fr\/software\/basis\/","og_site_name":"AON3D","article_modified_time":"2025-02-07T23:14:40+00:00","og_image":[{"url":"https:\/\/www.aon3d.com\/wp-content\/uploads\/2024\/12\/AON3D-Basis-OG-Image-v2-1024x536.png"}],"twitter_card":"summary_large_image","twitter_title":"AON3D Basis\u2122 \u2013 Fabrication additive optimis\u00e9e par l'IA","twitter_description":"Un logiciel de fabrication additive offrant un flux de travail simple et optimis\u00e9. Passez du mod\u00e8le \u00e0 des pi\u00e8ces v\u00e9rifi\u00e9es de qualit\u00e9 avec des propri\u00e9t\u00e9s maximis\u00e9es en quelques clics seulement.","schema":{"@context":"https:\/\/schema.org","@graph":[{"@type":"WebPage","@id":"https:\/\/www.aon3d.com\/fr\/software\/basis\/","url":"https:\/\/www.aon3d.com\/fr\/software\/basis\/","name":"AON3D Basis\u2122 | Fabrication additive optimis\u00e9e par l'IA","isPartOf":{"@id":"https:\/\/www.aon3d.com\/#website"},"datePublished":"2024-12-18T15:30:46+00:00","dateModified":"2025-02-07T23:14:40+00:00","description":"Un logiciel de fabrication additive offrant un flux de travail simple et optimis\u00e9. Passez du mod\u00e8le \u00e0 des pi\u00e8ces de qualit\u00e9 v\u00e9rifi\u00e9e avec des propri\u00e9t\u00e9s maximis\u00e9es en quelques clics seulement.","breadcrumb":{"@id":"https:\/\/www.aon3d.com\/fr\/software\/basis\/#breadcrumb"},"inLanguage":"fr-FR","potentialAction":[{"@type":"ReadAction","target":["https:\/\/www.aon3d.com\/fr\/software\/basis\/"]}]},{"@type":"BreadcrumbList","@id":"https:\/\/www.aon3d.com\/fr\/software\/basis\/#breadcrumb","itemListElement":[{"@type":"ListItem","position":1,"name":"Home","item":"https:\/\/www.aon3d.com\/fr\/"},{"@type":"ListItem","position":2,"name":"Software","item":"https:\/\/www.aon3d.com\/fr\/software\/"},{"@type":"ListItem","position":3,"name":"Basis\u2122"}]},{"@type":"WebSite","@id":"https:\/\/www.aon3d.com\/#website","url":"https:\/\/www.aon3d.com\/","name":"AON3D","description":"Making Materials Matter","potentialAction":[{"@type":"SearchAction","target":{"@type":"EntryPoint","urlTemplate":"https:\/\/www.aon3d.com\/?s={search_term_string}"},"query-input":"required name=search_term_string"}],"inLanguage":"fr-FR"}]}},"_links":{"self":[{"href":"https:\/\/www.aon3d.com\/fr\/wp-json\/wp\/v2\/pages\/6030"}],"collection":[{"href":"https:\/\/www.aon3d.com\/fr\/wp-json\/wp\/v2\/pages"}],"about":[{"href":"https:\/\/www.aon3d.com\/fr\/wp-json\/wp\/v2\/types\/page"}],"author":[{"embeddable":true,"href":"https:\/\/www.aon3d.com\/fr\/wp-json\/wp\/v2\/users\/10"}],"replies":[{"embeddable":true,"href":"https:\/\/www.aon3d.com\/fr\/wp-json\/wp\/v2\/comments?post=6030"}],"version-history":[{"count":0,"href":"https:\/\/www.aon3d.com\/fr\/wp-json\/wp\/v2\/pages\/6030\/revisions"}],"up":[{"embeddable":true,"href":"https:\/\/www.aon3d.com\/fr\/wp-json\/wp\/v2\/pages\/5433"}],"wp:attachment":[{"href":"https:\/\/www.aon3d.com\/fr\/wp-json\/wp\/v2\/media?parent=6030"}],"curies":[{"name":"wp","href":"https:\/\/api.w.org\/{rel}","templated":true}]}}