{"id":6547,"date":"2025-12-16T16:05:00","date_gmt":"2025-12-16T16:05:00","guid":{"rendered":"https:\/\/stageaon3d.wpengine.com\/offres-demploi-actuelles\/"},"modified":"2025-12-16T16:22:26","modified_gmt":"2025-12-16T16:22:26","slug":"offres-demploi-actuelles","status":"publish","type":"page","link":"https:\/\/www.aon3d.com\/fr\/offres-demploi-actuelles\/","title":{"rendered":"Offres d&#8217;emploi actuelles"},"content":{"rendered":"\n<script src=\"https:\/\/boards.greenhouse.io\/embed\/job_board\/js?for=aon3d-fr\"><\/script>\r\n<div id=\"grnhse_app\"><\/div>\r\n","protected":false},"excerpt":{"rendered":"","protected":false},"author":10,"featured_media":0,"parent":0,"menu_order":0,"comment_status":"closed","ping_status":"closed","template":"template-simple.php","meta":{"content-type":"","_vp_format_video_url":"","_vp_image_focal_point":[]},"acf":[],"yoast_head":"<!-- This site is optimized with the Yoast SEO Premium plugin v20.4 (Yoast SEO v20.4) - https:\/\/yoast.com\/wordpress\/plugins\/seo\/ -->\n<title>Offres d&#039;emploi actuelles - AON3D<\/title>\n<meta name=\"description\" content=\"Explorez nos postes actuellement ouverts et trouvez l&#039;opportunit\u00e9 qui correspond \u00e0 vos comp\u00e9tences et \u00e0 vos objectifs de carri\u00e8re. Nous sommes toujours ravi(e)s de rencontrer des personnes passionn\u00e9es qui souhaitent contribuer \u00e0 fa\u00e7onner l&#039;avenir de la fabrication additive.\" \/>\n<meta name=\"robots\" content=\"index, follow, max-snippet:-1, max-image-preview:large, max-video-preview:-1\" \/>\n<link rel=\"canonical\" href=\"https:\/\/www.aon3d.com\/fr\/offres-demploi-actuelles\/\" \/>\n<meta property=\"og:locale\" content=\"fr_FR\" \/>\n<meta property=\"og:type\" content=\"article\" \/>\n<meta property=\"og:title\" content=\"AON3D Offres d&#039;emploi actuelles\" \/>\n<meta property=\"og:description\" content=\"Explorez nos postes actuellement ouverts et trouvez l&#039;opportunit\u00e9 qui correspond \u00e0 vos comp\u00e9tences et \u00e0 vos objectifs de carri\u00e8re. Nous sommes toujours ravi(e)s de rencontrer des personnes passionn\u00e9es qui souhaitent contribuer \u00e0 fa\u00e7onner l&#039;avenir de la fabrication additive.\" \/>\n<meta property=\"og:url\" content=\"https:\/\/www.aon3d.com\/fr\/offres-demploi-actuelles\/\" \/>\n<meta property=\"og:site_name\" content=\"AON3D\" \/>\n<meta property=\"article:modified_time\" content=\"2025-12-16T16:22:26+00:00\" \/>\n<meta property=\"og:image\" content=\"https:\/\/www.aon3d.com\/wp-content\/uploads\/2025\/03\/Hylo-Production-1024x576.webp\" \/>\n<meta name=\"twitter:card\" content=\"summary_large_image\" \/>\n<meta name=\"twitter:title\" content=\"AON3D Offres d&#039;emploi actuelles\" \/>\n<meta name=\"twitter:description\" content=\"Explorez nos postes actuellement ouverts et trouvez l&#039;opportunit\u00e9 qui correspond \u00e0 vos comp\u00e9tences et \u00e0 vos objectifs de carri\u00e8re. Nous sommes toujours ravi(e)s de rencontrer des personnes passionn\u00e9es qui souhaitent contribuer \u00e0 fa\u00e7onner l&#039;avenir de la fabrication additive.\" \/>\n<script type=\"application\/ld+json\" class=\"yoast-schema-graph\">{\"@context\":\"https:\/\/schema.org\",\"@graph\":[{\"@type\":\"WebPage\",\"@id\":\"https:\/\/www.aon3d.com\/fr\/offres-demploi-actuelles\/\",\"url\":\"https:\/\/www.aon3d.com\/fr\/offres-demploi-actuelles\/\",\"name\":\"Offres d'emploi actuelles - AON3D\",\"isPartOf\":{\"@id\":\"https:\/\/www.aon3d.com\/#website\"},\"datePublished\":\"2025-12-16T16:05:00+00:00\",\"dateModified\":\"2025-12-16T16:22:26+00:00\",\"description\":\"Explorez nos postes actuellement ouverts et trouvez l'opportunit\u00e9 qui correspond \u00e0 vos comp\u00e9tences et \u00e0 vos objectifs de carri\u00e8re. Nous sommes toujours ravi(e)s de rencontrer des personnes passionn\u00e9es qui souhaitent contribuer \u00e0 fa\u00e7onner l'avenir de la fabrication additive.\",\"breadcrumb\":{\"@id\":\"https:\/\/www.aon3d.com\/fr\/offres-demploi-actuelles\/#breadcrumb\"},\"inLanguage\":\"fr-FR\",\"potentialAction\":[{\"@type\":\"ReadAction\",\"target\":[\"https:\/\/www.aon3d.com\/fr\/offres-demploi-actuelles\/\"]}]},{\"@type\":\"BreadcrumbList\",\"@id\":\"https:\/\/www.aon3d.com\/fr\/offres-demploi-actuelles\/#breadcrumb\",\"itemListElement\":[{\"@type\":\"ListItem\",\"position\":1,\"name\":\"Home\",\"item\":\"https:\/\/www.aon3d.com\/fr\/\"},{\"@type\":\"ListItem\",\"position\":2,\"name\":\"Offres d&#8217;emploi actuelles\"}]},{\"@type\":\"WebSite\",\"@id\":\"https:\/\/www.aon3d.com\/#website\",\"url\":\"https:\/\/www.aon3d.com\/\",\"name\":\"AON3D\",\"description\":\"Making Materials Matter\",\"potentialAction\":[{\"@type\":\"SearchAction\",\"target\":{\"@type\":\"EntryPoint\",\"urlTemplate\":\"https:\/\/www.aon3d.com\/?s={search_term_string}\"},\"query-input\":\"required name=search_term_string\"}],\"inLanguage\":\"fr-FR\"}]}<\/script>\n<!-- \/ Yoast SEO Premium plugin. -->","yoast_head_json":{"title":"Offres d'emploi actuelles - AON3D","description":"Explorez nos postes actuellement ouverts et trouvez l'opportunit\u00e9 qui correspond \u00e0 vos comp\u00e9tences et \u00e0 vos objectifs de carri\u00e8re. Nous sommes toujours ravi(e)s de rencontrer des personnes passionn\u00e9es qui souhaitent contribuer \u00e0 fa\u00e7onner l'avenir de la fabrication additive.","robots":{"index":"index","follow":"follow","max-snippet":"max-snippet:-1","max-image-preview":"max-image-preview:large","max-video-preview":"max-video-preview:-1"},"canonical":"https:\/\/www.aon3d.com\/fr\/offres-demploi-actuelles\/","og_locale":"fr_FR","og_type":"article","og_title":"AON3D Offres d'emploi actuelles","og_description":"Explorez nos postes actuellement ouverts et trouvez l'opportunit\u00e9 qui correspond \u00e0 vos comp\u00e9tences et \u00e0 vos objectifs de carri\u00e8re. Nous sommes toujours ravi(e)s de rencontrer des personnes passionn\u00e9es qui souhaitent contribuer \u00e0 fa\u00e7onner l'avenir de la fabrication additive.","og_url":"https:\/\/www.aon3d.com\/fr\/offres-demploi-actuelles\/","og_site_name":"AON3D","article_modified_time":"2025-12-16T16:22:26+00:00","og_image":[{"url":"https:\/\/www.aon3d.com\/wp-content\/uploads\/2025\/03\/Hylo-Production-1024x576.webp"}],"twitter_card":"summary_large_image","twitter_title":"AON3D Offres d'emploi actuelles","twitter_description":"Explorez nos postes actuellement ouverts et trouvez l'opportunit\u00e9 qui correspond \u00e0 vos comp\u00e9tences et \u00e0 vos objectifs de carri\u00e8re. Nous sommes toujours ravi(e)s de rencontrer des personnes passionn\u00e9es qui souhaitent contribuer \u00e0 fa\u00e7onner l'avenir de la fabrication additive.","schema":{"@context":"https:\/\/schema.org","@graph":[{"@type":"WebPage","@id":"https:\/\/www.aon3d.com\/fr\/offres-demploi-actuelles\/","url":"https:\/\/www.aon3d.com\/fr\/offres-demploi-actuelles\/","name":"Offres d'emploi actuelles - AON3D","isPartOf":{"@id":"https:\/\/www.aon3d.com\/#website"},"datePublished":"2025-12-16T16:05:00+00:00","dateModified":"2025-12-16T16:22:26+00:00","description":"Explorez nos postes actuellement ouverts et trouvez l'opportunit\u00e9 qui correspond \u00e0 vos comp\u00e9tences et \u00e0 vos objectifs de carri\u00e8re. Nous sommes toujours ravi(e)s de rencontrer des personnes passionn\u00e9es qui souhaitent contribuer \u00e0 fa\u00e7onner l'avenir de la fabrication additive.","breadcrumb":{"@id":"https:\/\/www.aon3d.com\/fr\/offres-demploi-actuelles\/#breadcrumb"},"inLanguage":"fr-FR","potentialAction":[{"@type":"ReadAction","target":["https:\/\/www.aon3d.com\/fr\/offres-demploi-actuelles\/"]}]},{"@type":"BreadcrumbList","@id":"https:\/\/www.aon3d.com\/fr\/offres-demploi-actuelles\/#breadcrumb","itemListElement":[{"@type":"ListItem","position":1,"name":"Home","item":"https:\/\/www.aon3d.com\/fr\/"},{"@type":"ListItem","position":2,"name":"Offres d&#8217;emploi actuelles"}]},{"@type":"WebSite","@id":"https:\/\/www.aon3d.com\/#website","url":"https:\/\/www.aon3d.com\/","name":"AON3D","description":"Making Materials Matter","potentialAction":[{"@type":"SearchAction","target":{"@type":"EntryPoint","urlTemplate":"https:\/\/www.aon3d.com\/?s={search_term_string}"},"query-input":"required name=search_term_string"}],"inLanguage":"fr-FR"}]}},"_links":{"self":[{"href":"https:\/\/www.aon3d.com\/fr\/wp-json\/wp\/v2\/pages\/6547"}],"collection":[{"href":"https:\/\/www.aon3d.com\/fr\/wp-json\/wp\/v2\/pages"}],"about":[{"href":"https:\/\/www.aon3d.com\/fr\/wp-json\/wp\/v2\/types\/page"}],"author":[{"embeddable":true,"href":"https:\/\/www.aon3d.com\/fr\/wp-json\/wp\/v2\/users\/10"}],"replies":[{"embeddable":true,"href":"https:\/\/www.aon3d.com\/fr\/wp-json\/wp\/v2\/comments?post=6547"}],"version-history":[{"count":0,"href":"https:\/\/www.aon3d.com\/fr\/wp-json\/wp\/v2\/pages\/6547\/revisions"}],"wp:attachment":[{"href":"https:\/\/www.aon3d.com\/fr\/wp-json\/wp\/v2\/media?parent=6547"}],"curies":[{"name":"wp","href":"https:\/\/api.w.org\/{rel}","templated":true}]}}